{"id":29,"date":"2025-06-18T08:07:14","date_gmt":"2025-06-18T08:07:14","guid":{"rendered":"https:\/\/www.xn--ayazvin-0xa.com\/?page_id=29"},"modified":"2025-06-18T08:07:14","modified_gmt":"2025-06-18T08:07:14","slug":"hakkimizda","status":"publish","type":"page","link":"https:\/\/www.xn--ayazvin-0xa.com\/?page_id=29","title":{"rendered":"hakk\u0131m\u0131zda"},"content":{"rendered":"<nav class=\"is-responsive wp-block-navigation is-layout-flex wp-block-navigation-is-layout-flex\" aria-label=\"Gezinme\" \n\t\t data-wp-interactive=\"core\/navigation\" data-wp-context='{\"overlayOpenedBy\":{\"click\":false,\"hover\":false,\"focus\":false},\"type\":\"overlay\",\"roleAttribute\":\"\",\"ariaLabel\":\"Men\\u00fc\"}'><button aria-haspopup=\"dialog\" aria-label=\"Men\u00fcy\u00fc a\u00e7\" class=\"wp-block-navigation__responsive-container-open\" \n\t\t\t\tdata-wp-on--click=\"actions.openMenuOnClick\"\n\t\t\t\tdata-wp-on--keydown=\"actions.handleMenuKeydown\"\n\t\t\t><svg width=\"24\" height=\"24\" xmlns=\"http:\/\/www.w3.org\/2000\/svg\" viewBox=\"0 0 24 24\" aria-hidden=\"true\" focusable=\"false\"><path d=\"M4 7.5h16v1.5H4z\"><\/path><path d=\"M4 15h16v1.5H4z\"><\/path><\/svg><\/button>\n\t\t\t\t<div class=\"wp-block-navigation__responsive-container\"  id=\"modal-1\" \n\t\t\t\tdata-wp-class--has-modal-open=\"state.isMenuOpen\"\n\t\t\t\tdata-wp-class--is-menu-open=\"state.isMenuOpen\"\n\t\t\t\tdata-wp-watch=\"callbacks.initMenu\"\n\t\t\t\tdata-wp-on--keydown=\"actions.handleMenuKeydown\"\n\t\t\t\tdata-wp-on--focusout=\"actions.handleMenuFocusout\"\n\t\t\t\ttabindex=\"-1\"\n\t\t\t>\n\t\t\t\t\t<div class=\"wp-block-navigation__responsive-close\" tabindex=\"-1\">\n\t\t\t\t\t\t<div class=\"wp-block-navigation__responsive-dialog\" \n\t\t\t\tdata-wp-bind--aria-modal=\"state.ariaModal\"\n\t\t\t\tdata-wp-bind--aria-label=\"state.ariaLabel\"\n\t\t\t\tdata-wp-bind--role=\"state.roleAttribute\"\n\t\t\t>\n\t\t\t\t\t\t\t<button aria-label=\"Men\u00fcy\u00fc kapat\" class=\"wp-block-navigation__responsive-container-close\" \n\t\t\t\tdata-wp-on--click=\"actions.closeMenuOnClick\"\n\t\t\t><svg xmlns=\"http:\/\/www.w3.org\/2000\/svg\" viewBox=\"0 0 24 24\" width=\"24\" height=\"24\" aria-hidden=\"true\" focusable=\"false\"><path d=\"m13.06 12 6.47-6.47-1.06-1.06L12 10.94 5.53 4.47 4.47 5.53 10.94 12l-6.47 6.47 1.06 1.06L12 13.06l6.47 6.47 1.06-1.06L13.06 12Z\"><\/path><\/svg><\/button>\n\t\t\t\t\t\t\t<div class=\"wp-block-navigation__responsive-container-content\" \n\t\t\t\tdata-wp-watch=\"callbacks.focusFirstElement\"\n\t\t\t id=\"modal-1-content\">\n\t\t\t\t\t\t\t\t<ul class=\"wp-block-navigation__container is-responsive wp-block-navigation\"><li class=\" wp-block-navigation-item wp-block-navigation-link\"><a class=\"wp-block-navigation-item__content\"  href=\"https:\/\/www.xn--ayazvin-0xa.com\/?page_id=45\"><span class=\"wp-block-navigation-item__label\">referanslar\u0131m\u0131z<\/span><\/a><\/li><li class=\" wp-block-navigation-item wp-block-navigation-link\"><a class=\"wp-block-navigation-item__content\"  href=\"https:\/\/www.xn--ayazvin-0xa.com\/?page_id=32\"><span class=\"wp-block-navigation-item__label\">hizmetlerimiz<\/span><\/a><\/li><li class=\" wp-block-navigation-item wp-block-navigation-link\"><a class=\"wp-block-navigation-item__content\"  href=\"https:\/\/www.xn--ayazvin-0xa.com\/?page_id=44\"><span class=\"wp-block-navigation-item__label\">ileti\u015fim<\/span><\/a><\/li><li class=\" wp-block-navigation-item wp-block-navigation-link\"><a class=\"wp-block-navigation-item__content\"  href=\"https:\/\/www.xn--ayazvin-0xa.com\/\"><span class=\"wp-block-navigation-item__label\">ana sayfa<\/span><\/a><\/li><li class=\" wp-block-navigation-item wp-block-navigation-link\"><a class=\"wp-block-navigation-item__content\"  href=\"https:\/\/www.xn--ayazvin-0xa.com\/?page_id=29\"><span class=\"wp-block-navigation-item__label\">hakk\u0131m\u0131zda<\/span><\/a><\/li><li class=\" wp-block-navigation-item wp-block-navigation-link\"><a class=\"wp-block-navigation-item__content\"  href=\"https:\/\/www.xn--ayazvin-0xa.com\/?page_id=46\"><span class=\"wp-block-navigation-item__label\">galerimiz<\/span><\/a><\/li><\/ul>\n\t\t\t\t\t\t\t<\/div>\n\t\t\t\t\t\t<\/div>\n\t\t\t\t\t<\/div>\n\t\t\t\t<\/div><\/nav>\n\n\n<div class=\"wp-block-group alignfull is-layout-flow wp-container-core-group-is-layout-f9cb6abc wp-block-group-is-layout-flow\" style=\"margin-top:0;margin-bottom:0\">\n<div class=\"wp-block-columns alignfull is-style-section-2 is-layout-flex wp-container-core-columns-is-layout-d9884270 wp-block-columns-is-layout-flex is-style-section-2--2\" style=\"padding-top:0;padding-bottom:0\">\n<div class=\"wp-block-column has-background is-layout-flow wp-block-column-is-layout-flow\" style=\"background-color:#f03b02;flex-basis:50%\">\n<figure class=\"wp-block-image size-large\"><img decoding=\"async\" src=\"https:\/\/scontent.fsaw1-15.fna.fbcdn.net\/v\/t1.6435-9\/121331508_1061566224272934_4691443677501003863_n.jpg?_nc_cat=103&amp;ccb=1-7&amp;_nc_sid=833d8c&amp;_nc_ohc=kx70ydozrYAQ7kNvwEC7izp&amp;_nc_oc=Adm-k1yOu9IOZrcwIqY69Ib4dWdU7QeJ2beyTHAqKAjhVuFtwW1o2C0f1zKyCmSykz7dOM0fXeTLB7OYLJ0NY8Ra&amp;_nc_zt=23&amp;_nc_ht=scontent.fsaw1-15.fna&amp;_nc_gid=COoP3GS1Y0WZmpRGXX2adg&amp;oh=00_AfOq2lFPYiwo_ppLq_VoOns0thheUiGA2O398qyLvn-UFA&amp;oe=687862CF\" alt=\"Close up photo of white flowers on a grey background\"\/><\/figure>\n\n\n\n<figure class=\"wp-block-image size-large\"><img decoding=\"async\" src=\"https:\/\/scontent.fsaw1-13.fna.fbcdn.net\/v\/t1.6435-9\/121276564_1061566264272930_4920107404874360670_n.jpg?_nc_cat=108&amp;ccb=1-7&amp;_nc_sid=833d8c&amp;_nc_ohc=F3WfAKOrAt4Q7kNvwEbSfzO&amp;_nc_oc=AdkZkch-upd6_dlVVcVbiym1qR_Q3u4nMY7_qrXvsDdhf6ADY0TCDf4sRgHiMJ63OXyvSXeWAfpIJqFAN2t3izJ1&amp;_nc_zt=23&amp;_nc_ht=scontent.fsaw1-13.fna&amp;_nc_gid=9VtYjXjtkelIgPPfpPidSg&amp;oh=00_AfMGUG7DVKsruzFzbuNkk4873PbFtZYTU-0LvSbR_0gygw&amp;oe=6879DA72\" alt=\"\"\/><\/figure>\n<\/div>\n\n\n\n<div class=\"wp-block-column has-accent-5-background-color has-background is-layout-flow wp-block-column-is-layout-flow\" style=\"flex-basis:50%\">\n<div class=\"wp-block-group has-accent-4-background-color has-background is-vertical is-content-justification-stretch is-layout-flex wp-container-core-group-is-layout-098fff0a wp-block-group-is-layout-flex\" style=\"min-height:33vh;padding-top:var(--wp--preset--spacing--50);padding-right:var(--wp--preset--spacing--50);padding-bottom:var(--wp--preset--spacing--50);padding-left:var(--wp--preset--spacing--50)\">\n<p class=\"has-accent-4-background-color has-background\">Ayaz Vin\u00e7, 1994 y\u0131l\u0131ndan bu yana vin\u00e7 kiralama ve a\u011f\u0131r nakliyat alan\u0131nda faaliyet g\u00f6stermektedir.<br>Kuruldu\u011fumuz g\u00fcnden bu yana i\u015f g\u00fcvenli\u011fi, zaman\u0131nda teslimat ve profesyonel hizmet anlay\u0131\u015f\u0131yla sekt\u00f6rde g\u00fcven kazanm\u0131\u015f bir firmay\u0131z.<\/p>\n\n\n\n<p>Mobil vin\u00e7 kiralama, a\u011f\u0131r y\u00fck ta\u015f\u0131ma, end\u00fcstriyel kald\u0131rma gibi bir\u00e7ok alanda geni\u015f ara\u00e7 filomuz ve deneyimli operat\u00f6r kadromuzla m\u00fc\u015fterilerimize \u00e7\u00f6z\u00fcm sunmaktay\u0131z.<br>Hem bireysel hem de kurumsal projelerde; fabrika kurulumlar\u0131ndan \u015fantiye ta\u015f\u0131malar\u0131na kadar farkl\u0131 ihtiya\u00e7lara profesyonel \u00e7\u00f6z\u00fcmler \u00fcretmekteyiz.<\/p>\n\n\n\n<p>Bug\u00fcn, 30 y\u0131la yakla\u015fan tecr\u00fcbemizle \u201cy\u00fck\u00fcn\u00fcz\u00fc hafifletmek\u201d i\u00e7in \u00e7al\u0131\u015fmaya devam ediyoruz.<\/p>\n\n\n\n<p>Bizimle \u00e7al\u0131\u015fan firmalar\u0131n g\u00fcveni, en b\u00fcy\u00fck referans\u0131m\u0131zd\u0131r.<\/p>\n\n\n\n<h2 class=\"wp-block-heading has-text-align-center\"><strong>misyonumuz<\/strong><\/h2>\n\n\n\n<p>M\u00fc\u015fterilerimize h\u0131zl\u0131, g\u00fcvenli ve profesyonel a\u011f\u0131r nakliyat ile mobil vin\u00e7 \u00e7\u00f6z\u00fcmleri sunmak.<br>\u0130\u015f g\u00fcvenli\u011fini, zaman\u0131nda teslimat\u0131 ve m\u00fc\u015fteri memnuniyetini \u00f6n planda tutarak her projeye \u00f6zel yakla\u015fmak.<\/p>\n\n\n\n<h2 class=\"wp-block-heading\"><\/h2>\n\n\n\n<h2 class=\"wp-block-heading\"><\/h2>\n\n\n\n<h2 class=\"wp-block-heading\"><\/h2>\n<\/div>\n<\/div>\n<\/div>\n<\/div>\n","protected":false},"excerpt":{"rendered":"<p>Ayaz Vin\u00e7, 1994 y\u0131l\u0131ndan bu yana vin\u00e7 kiralama ve a\u011f\u0131r nakliyat alan\u0131nda faaliyet g\u00f6stermektedir.Kuruldu\u011fumuz g\u00fcnden bu yana i\u015f g\u00fcvenli\u011fi, zaman\u0131nda teslimat ve profesyonel hizmet anlay\u0131\u015f\u0131yla sekt\u00f6rde g\u00fcven kazanm\u0131\u015f bir firmay\u0131z. Mobil vin\u00e7 kiralama, a\u011f\u0131r y\u00fck ta\u015f\u0131ma, end\u00fcstriyel kald\u0131rma gibi bir\u00e7ok alanda geni\u015f ara\u00e7 filomuz ve deneyimli operat\u00f6r kadromuzla m\u00fc\u015fterilerimize \u00e7\u00f6z\u00fcm sunmaktay\u0131z.Hem bireysel hem de kurumsal [&hellip;]<\/p>\n","protected":false},"author":1,"featured_media":0,"parent":0,"menu_order":0,"comment_status":"closed","ping_status":"closed","template":"","meta":{"footnotes":""},"class_list":["post-29","page","type-page","status-publish","hentry"],"_links":{"self":[{"href":"https:\/\/www.xn--ayazvin-0xa.com\/index.php?rest_route=\/wp\/v2\/pages\/29","targetHints":{"allow":["GET"]}}],"collection":[{"href":"https:\/\/www.xn--ayazvin-0xa.com\/index.php?rest_route=\/wp\/v2\/pages"}],"about":[{"href":"https:\/\/www.xn--ayazvin-0xa.com\/index.php?rest_route=\/wp\/v2\/types\/page"}],"author":[{"embeddable":true,"href":"https:\/\/www.xn--ayazvin-0xa.com\/index.php?rest_route=\/wp\/v2\/users\/1"}],"replies":[{"embeddable":true,"href":"https:\/\/www.xn--ayazvin-0xa.com\/index.php?rest_route=%2Fwp%2Fv2%2Fcomments&post=29"}],"version-history":[{"count":2,"href":"https:\/\/www.xn--ayazvin-0xa.com\/index.php?rest_route=\/wp\/v2\/pages\/29\/revisions"}],"predecessor-version":[{"id":66,"href":"https:\/\/www.xn--ayazvin-0xa.com\/index.php?rest_route=\/wp\/v2\/pages\/29\/revisions\/66"}],"wp:attachment":[{"href":"https:\/\/www.xn--ayazvin-0xa.com\/index.php?rest_route=%2Fwp%2Fv2%2Fmedia&parent=29"}],"curies":[{"name":"wp","href":"https:\/\/api.w.org\/{rel}","templated":true}]}}