{"id":32,"date":"2025-06-18T07:44:03","date_gmt":"2025-06-18T07:44:03","guid":{"rendered":"https:\/\/www.xn--ayazvin-0xa.com\/?page_id=32"},"modified":"2025-06-18T08:04:39","modified_gmt":"2025-06-18T08:04:39","slug":"hizmetlerimiz","status":"publish","type":"page","link":"https:\/\/www.xn--ayazvin-0xa.com\/?page_id=32","title":{"rendered":"hizmetlerimiz"},"content":{"rendered":"<nav class=\"is-responsive wp-block-navigation is-layout-flex wp-block-navigation-is-layout-flex\" aria-label=\"Gezinme\" \n\t\t data-wp-interactive=\"core\/navigation\" data-wp-context='{\"overlayOpenedBy\":{\"click\":false,\"hover\":false,\"focus\":false},\"type\":\"overlay\",\"roleAttribute\":\"\",\"ariaLabel\":\"Men\\u00fc\"}'><button aria-haspopup=\"dialog\" aria-label=\"Men\u00fcy\u00fc a\u00e7\" class=\"wp-block-navigation__responsive-container-open\" \n\t\t\t\tdata-wp-on--click=\"actions.openMenuOnClick\"\n\t\t\t\tdata-wp-on--keydown=\"actions.handleMenuKeydown\"\n\t\t\t><svg width=\"24\" height=\"24\" xmlns=\"http:\/\/www.w3.org\/2000\/svg\" viewBox=\"0 0 24 24\" aria-hidden=\"true\" focusable=\"false\"><path d=\"M4 7.5h16v1.5H4z\"><\/path><path d=\"M4 15h16v1.5H4z\"><\/path><\/svg><\/button>\n\t\t\t\t<div class=\"wp-block-navigation__responsive-container\"  id=\"modal-1\" \n\t\t\t\tdata-wp-class--has-modal-open=\"state.isMenuOpen\"\n\t\t\t\tdata-wp-class--is-menu-open=\"state.isMenuOpen\"\n\t\t\t\tdata-wp-watch=\"callbacks.initMenu\"\n\t\t\t\tdata-wp-on--keydown=\"actions.handleMenuKeydown\"\n\t\t\t\tdata-wp-on--focusout=\"actions.handleMenuFocusout\"\n\t\t\t\ttabindex=\"-1\"\n\t\t\t>\n\t\t\t\t\t<div class=\"wp-block-navigation__responsive-close\" tabindex=\"-1\">\n\t\t\t\t\t\t<div class=\"wp-block-navigation__responsive-dialog\" \n\t\t\t\tdata-wp-bind--aria-modal=\"state.ariaModal\"\n\t\t\t\tdata-wp-bind--aria-label=\"state.ariaLabel\"\n\t\t\t\tdata-wp-bind--role=\"state.roleAttribute\"\n\t\t\t>\n\t\t\t\t\t\t\t<button aria-label=\"Men\u00fcy\u00fc kapat\" class=\"wp-block-navigation__responsive-container-close\" \n\t\t\t\tdata-wp-on--click=\"actions.closeMenuOnClick\"\n\t\t\t><svg xmlns=\"http:\/\/www.w3.org\/2000\/svg\" viewBox=\"0 0 24 24\" width=\"24\" height=\"24\" aria-hidden=\"true\" focusable=\"false\"><path d=\"m13.06 12 6.47-6.47-1.06-1.06L12 10.94 5.53 4.47 4.47 5.53 10.94 12l-6.47 6.47 1.06 1.06L12 13.06l6.47 6.47 1.06-1.06L13.06 12Z\"><\/path><\/svg><\/button>\n\t\t\t\t\t\t\t<div class=\"wp-block-navigation__responsive-container-content\" \n\t\t\t\tdata-wp-watch=\"callbacks.focusFirstElement\"\n\t\t\t id=\"modal-1-content\">\n\t\t\t\t\t\t\t\t<ul class=\"wp-block-navigation__container is-responsive wp-block-navigation\"><li class=\" wp-block-navigation-item wp-block-navigation-link\"><a class=\"wp-block-navigation-item__content\"  href=\"https:\/\/www.xn--ayazvin-0xa.com\/?page_id=45\"><span class=\"wp-block-navigation-item__label\">referanslar\u0131m\u0131z<\/span><\/a><\/li><li class=\" wp-block-navigation-item wp-block-navigation-link\"><a class=\"wp-block-navigation-item__content\"  href=\"https:\/\/www.xn--ayazvin-0xa.com\/?page_id=32\"><span class=\"wp-block-navigation-item__label\">hizmetlerimiz<\/span><\/a><\/li><li class=\" wp-block-navigation-item wp-block-navigation-link\"><a class=\"wp-block-navigation-item__content\"  href=\"https:\/\/www.xn--ayazvin-0xa.com\/?page_id=44\"><span class=\"wp-block-navigation-item__label\">ileti\u015fim<\/span><\/a><\/li><li class=\" wp-block-navigation-item wp-block-navigation-link\"><a class=\"wp-block-navigation-item__content\"  href=\"https:\/\/www.xn--ayazvin-0xa.com\/\"><span class=\"wp-block-navigation-item__label\">ana sayfa<\/span><\/a><\/li><li class=\" wp-block-navigation-item wp-block-navigation-link\"><a class=\"wp-block-navigation-item__content\"  href=\"https:\/\/www.xn--ayazvin-0xa.com\/?page_id=29\"><span class=\"wp-block-navigation-item__label\">hakk\u0131m\u0131zda<\/span><\/a><\/li><li class=\" wp-block-navigation-item wp-block-navigation-link\"><a class=\"wp-block-navigation-item__content\"  href=\"https:\/\/www.xn--ayazvin-0xa.com\/?page_id=46\"><span class=\"wp-block-navigation-item__label\">galerimiz<\/span><\/a><\/li><\/ul>\n\t\t\t\t\t\t\t<\/div>\n\t\t\t\t\t\t<\/div>\n\t\t\t\t\t<\/div>\n\t\t\t\t<\/div><\/nav>\n\n\n<div class=\"wp-block-group alignfull is-style-section-1 has-global-padding is-layout-constrained wp-block-group-is-layout-constrained is-style-section-1--2\" style=\"margin-top:0;margin-bottom:0;padding-top:var(--wp--preset--spacing--80);padding-bottom:var(--wp--preset--spacing--80)\">\n<div class=\"wp-block-columns alignwide is-layout-flex wp-container-core-columns-is-layout-66fad18a wp-block-columns-is-layout-flex\">\n<div class=\"wp-block-column is-layout-flow wp-block-column-is-layout-flow\" style=\"padding-right:var(--wp--preset--spacing--50);flex-basis:45%\">\n<figure class=\"wp-block-image size-large\"><img decoding=\"async\" src=\"https:\/\/scontent.fsaw1-15.fna.fbcdn.net\/v\/t1.6435-9\/89833001_894527830976775_1553296543463768064_n.jpg?_nc_cat=103&amp;ccb=1-7&amp;_nc_sid=833d8c&amp;_nc_ohc=dw9SdCOICBUQ7kNvwGiW_M7&amp;_nc_oc=Adk7c3X_gkmvAEk2arLISCTzKAxOxKOe_DKcu2Ke-QiLBan3yPokMzYBXl2kQEjHAyejGUO-CYBIqu4WQ0humdg3&amp;_nc_zt=23&amp;_nc_ht=scontent.fsaw1-15.fna&amp;_nc_gid=apW1_425zXoJTYRCr1hmjQ&amp;oh=00_AfNkcRBZSyMYr-r69pX4ejg-y4Ll-CIC7eTt-vt0WDs3wg&amp;oe=6878616F\" alt=\"Photography close up of a red flower.\"\/><\/figure>\n\n\n\n<div class=\"wp-block-group has-global-padding is-layout-constrained wp-block-group-is-layout-constrained\" style=\"margin-top:-12vw\"><\/div>\n<\/div>\n\n\n\n<div class=\"wp-block-column is-vertically-aligned-center is-layout-flow wp-block-column-is-layout-flow\" style=\"padding-right:0;padding-left:0;flex-basis:50%\">\n<h2 class=\"wp-block-heading\">mobil vin\u00e7 kiralama<\/h2>\n\n\n\n<p class=\"is-style-text-subtitle is-style-text-subtitle--3\">\u015fantiye, fabrika, viyad\u00fck ve \u00f6zel projelerde y\u00fcksek kald\u0131rma kapasiteleri ile hizmetinizdeyiz<\/p>\n<\/div>\n<\/div>\n<\/div>\n\n\n\n<div class=\"wp-block-group alignfull has-global-padding is-layout-constrained wp-container-core-group-is-layout-ebee8dc1 wp-block-group-is-layout-constrained\" style=\"margin-top:0;margin-bottom:0;padding-top:var(--wp--preset--spacing--50);padding-bottom:var(--wp--preset--spacing--50)\">\n<div class=\"wp-block-columns alignwide is-layout-flex wp-container-core-columns-is-layout-28f84493 wp-block-columns-is-layout-flex\">\n<div class=\"wp-block-column is-layout-flow wp-block-column-is-layout-flow\">\n<figure class=\"wp-block-image size-large\" style=\"margin-bottom:24px\"><img decoding=\"async\" src=\"https:\/\/www.sgeyazilim.com\/yonetimpaneli\/resimler1\/8314___2023919173659180___slayt-159f_jpg.jpg\" alt=\"Image for service\" style=\"aspect-ratio:4\/3;object-fit:cover\"\/><\/figure>\n\n\n\n<h2 class=\"wp-block-heading has-medium-font-size\">sepetli vin\u00e7 ve makasl\u0131 platform<\/h2>\n<\/div>\n\n\n\n<div class=\"wp-block-column is-layout-flow wp-block-column-is-layout-flow\">\n<figure class=\"wp-block-gallery has-nested-images columns-default is-cropped wp-block-gallery-4 is-layout-flex wp-block-gallery-is-layout-flex\">\n<figure class=\"wp-block-image size-large\" style=\"margin-bottom:24px\"><img loading=\"lazy\" decoding=\"async\" width=\"294\" height=\"220\" data-id=\"59\" src=\"https:\/\/www.xn--ayazvin-0xa.com\/wp-content\/uploads\/2025\/06\/2024-07-28.jpg\" alt=\"\" class=\"wp-image-59\" style=\"aspect-ratio:4\/3;object-fit:cover\"\/><\/figure>\n<\/figure>\n\n\n\n<h3 class=\"wp-block-heading\">g\u00fcnl\u00fck saatlik vin\u00e7 hizmeti<\/h3>\n\n\n\n<p class=\"has-medium-font-size\">k\u0131sa s\u00fcreli i\u015fleriniz i\u00e7in. h\u0131zl\u0131 \u00e7\u00f6z\u00fcm, uygun fiyat.<\/p>\n<\/div>\n\n\n\n<div class=\"wp-block-column is-layout-flow wp-block-column-is-layout-flow\">\n<figure class=\"wp-block-image size-large\" style=\"margin-bottom:24px\"><img decoding=\"async\" src=\"https:\/\/scontent.fsaw1-15.fna.fbcdn.net\/v\/t1.6435-9\/120202835_1047451915684365_3726055787571877072_n.jpg?_nc_cat=103&amp;ccb=1-7&amp;_nc_sid=833d8c&amp;_nc_ohc=qrjy1Y-rUJMQ7kNvwFCEAnX&amp;_nc_oc=AdmGuyELWVwmYuaC0-e1w6GY8qTh6WWlmepuRWjUnHUeIBeucwI5CHZXr0qVJ2UAdX7hCHcVo1gl58HpkpqUdEvx&amp;_nc_zt=23&amp;_nc_ht=scontent.fsaw1-15.fna&amp;_nc_gid=pxEPbePXP7CU8JY7THtnlA&amp;oh=00_AfPy4PrnnAcxK-4rVeG-20VdRD5EVbng_so5vHKs1wvL2Q&amp;oe=68788478\" alt=\"Image for service\" style=\"aspect-ratio:4\/3;object-fit:cover\"\/><\/figure>\n\n\n\n<h3 class=\"wp-block-heading\">End\u00fcst\u00fcriyel kald\u0131rma hizmetleri<\/h3>\n\n\n\n<p class=\"has-medium-font-size\">fabrika kurulumlar\u0131, \u00e7elik konstr\u00fcksyon montajlar\u0131, kule vin\u00e7 par\u00e7alar\u0131 gibi hassas i\u015fler.<\/p>\n<\/div>\n<\/div>\n<\/div>\n\n\n\n<div class=\"wp-block-group alignfull has-global-padding is-layout-constrained wp-block-group-is-layout-constrained\" style=\"margin-top:0;margin-bottom:0;padding-top:var(--wp--preset--spacing--60);padding-bottom:var(--wp--preset--spacing--60)\">\n<div class=\"wp-block-columns alignwide is-layout-flex wp-container-core-columns-is-layout-74b2cda3 wp-block-columns-is-layout-flex\">\n<div class=\"wp-block-column is-layout-flow wp-block-column-is-layout-flow\">\n<div class=\"wp-block-group is-vertical is-content-justification-left is-layout-flex wp-container-core-group-is-layout-7ce391b6 wp-block-group-is-layout-flex\" style=\"min-height:100%\">\n<h2 class=\"wp-block-heading\">a\u011f\u0131r y\u00fck ta\u015f\u0131ma ve montaj\u0131<\/h2>\n\n\n\n<p>b\u00fcy\u00fck makineler, konteynerlar, beton bloklar gibi a\u011f\u0131r malzemelerin \u00f6zel yap\u0131m kumandal\u0131 dorselerimizle \u015fehir i\u00e7i ve \u015fehirler aras\u0131 ta\u015f\u0131ma ve montaj\u0131<\/p>\n<\/div>\n<\/div>\n\n\n\n<div class=\"wp-block-column is-layout-flow wp-block-column-is-layout-flow\" style=\"padding-top:0;padding-right:0;padding-bottom:0;padding-left:0\">\n<figure class=\"wp-block-image size-large\"><img decoding=\"async\" src=\"https:\/\/scontent.fsaw1-13.fna.fbcdn.net\/v\/t1.6435-9\/89111836_888465878249637_1517198387017940992_n.jpg?_nc_cat=106&amp;ccb=1-7&amp;_nc_sid=833d8c&amp;_nc_ohc=X2Pmef7HohkQ7kNvwGiCtTw&amp;_nc_oc=AdmEKbohqdNZGijN1Oi80li-VkHBnDgInOHu9EuFbZ5juv6GHeSnS_3616CxZKakECq5bIoi0F8E62cRFExMPpKt&amp;_nc_zt=23&amp;_nc_ht=scontent.fsaw1-13.fna&amp;_nc_gid=KPbUwcP-3-WCAGLa1coMWw&amp;oh=00_AfPnTp3F3ErgW89cfvSw8eEz3WBCp91llFwQ6DU-wKi4Lg&amp;oe=68786096\" alt=\"Picture of a person typing on a typewriter.\" style=\"aspect-ratio:1;object-fit:cover\"\/><\/figure>\n<\/div>\n<\/div>\n<\/div>\n\n\n\n<div class=\"wp-block-group alignfull has-global-padding is-layout-constrained wp-container-core-group-is-layout-0c9c989a wp-block-group-is-layout-constrained\" style=\"min-height:0vh;margin-top:0;margin-bottom:0;padding-top:var(--wp--preset--spacing--70);padding-right:var(--wp--preset--spacing--40);padding-bottom:var(--wp--preset--spacing--70);padding-left:var(--wp--preset--spacing--40)\">\n<div class=\"wp-block-group has-global-padding is-layout-constrained wp-container-core-group-is-layout-346627ba wp-block-group-is-layout-constrained\">\n<h2 class=\"wp-block-heading has-text-align-center has-xx-large-font-size\" style=\"margin-right:0;margin-left:0;padding-right:0;padding-left:0\">daha fazla bilgi almak i\u00e7in<\/h2>\n\n\n\n<div class=\"wp-block-buttons is-content-justification-center is-layout-flex wp-container-core-buttons-is-layout-a89b3969 wp-block-buttons-is-layout-flex\">\n<div class=\"wp-block-button\"><a class=\"wp-block-button__link wp-element-button\" href=\"https:\/\/www.xn--ayazvin-0xa.com\/iletisim\/\">ileti\u015fim<\/a><\/div>\n<\/div>\n<\/div>\n<\/div>\n","protected":false},"excerpt":{"rendered":"<p>mobil vin\u00e7 kiralama \u015fantiye, fabrika, viyad\u00fck ve \u00f6zel projelerde y\u00fcksek kald\u0131rma kapasiteleri ile hizmetinizdeyiz sepetli vin\u00e7 ve makasl\u0131 platform g\u00fcnl\u00fck saatlik vin\u00e7 hizmeti k\u0131sa s\u00fcreli i\u015fleriniz i\u00e7in. h\u0131zl\u0131 \u00e7\u00f6z\u00fcm, uygun fiyat. End\u00fcst\u00fcriyel kald\u0131rma hizmetleri fabrika kurulumlar\u0131, \u00e7elik konstr\u00fcksyon montajlar\u0131, kule vin\u00e7 par\u00e7alar\u0131 gibi hassas i\u015fler. a\u011f\u0131r y\u00fck ta\u015f\u0131ma ve montaj\u0131 b\u00fcy\u00fck makineler, konteynerlar, beton bloklar [&hellip;]<\/p>\n","protected":false},"author":1,"featured_media":0,"parent":0,"menu_order":0,"comment_status":"closed","ping_status":"closed","template":"ozel-sablon","meta":{"footnotes":""},"class_list":["post-32","page","type-page","status-publish","hentry"],"_links":{"self":[{"href":"https:\/\/www.xn--ayazvin-0xa.com\/index.php?rest_route=\/wp\/v2\/pages\/32","targetHints":{"allow":["GET"]}}],"collection":[{"href":"https:\/\/www.xn--ayazvin-0xa.com\/index.php?rest_route=\/wp\/v2\/pages"}],"about":[{"href":"https:\/\/www.xn--ayazvin-0xa.com\/index.php?rest_route=\/wp\/v2\/types\/page"}],"author":[{"embeddable":true,"href":"https:\/\/www.xn--ayazvin-0xa.com\/index.php?rest_route=\/wp\/v2\/users\/1"}],"replies":[{"embeddable":true,"href":"https:\/\/www.xn--ayazvin-0xa.com\/index.php?rest_route=%2Fwp%2Fv2%2Fcomments&post=32"}],"version-history":[{"count":3,"href":"https:\/\/www.xn--ayazvin-0xa.com\/index.php?rest_route=\/wp\/v2\/pages\/32\/revisions"}],"predecessor-version":[{"id":67,"href":"https:\/\/www.xn--ayazvin-0xa.com\/index.php?rest_route=\/wp\/v2\/pages\/32\/revisions\/67"}],"wp:attachment":[{"href":"https:\/\/www.xn--ayazvin-0xa.com\/index.php?rest_route=%2Fwp%2Fv2%2Fmedia&parent=32"}],"curies":[{"name":"wp","href":"https:\/\/api.w.org\/{rel}","templated":true}]}}